{"id":20471,"date":"2024-05-17T19:30:19","date_gmt":"2024-05-17T19:30:19","guid":{"rendered":"https:\/\/nosmokesport.com\/doi-ngu-tac-gia\/"},"modified":"2026-02-20T04:44:40","modified_gmt":"2026-02-20T04:44:40","slug":"doi-ngu-tac-gia","status":"publish","type":"page","link":"https:\/\/nosmokesport.com\/vi\/doi-ngu-tac-gia\/","title":{"rendered":"\u0110\u1ed9i ng\u0169 t\u00e1c gi\u1ea3"},"content":{"rendered":"\n<h2 class=\"wp-block-heading\"><strong>\u0110\u1ed9i ng\u0169 t\u00e1c gi\u1ea3<\/strong><\/h2>\n\n<p><strong>NoSmokeSport<\/strong><\/p>\n\n<p class=\"has-text-color has-background has-link-color wp-elements-ee00f49c24a5a4b1b3f0af5cfbf89a5a\" style=\"color:#000000;background-color:#ffffff\">Last Updated: May 17, 2024<\/p>\n\n<p>Ch\u00e0o m\u1eebng b\u1ea1n \u0111\u1ebfn v\u1edbi trang Th\u00f4ng tin t\u00e1c gi\u1ea3 c\u1ee7a NoSmokeSport! T\u1ea1i \u0111\u00e2y, b\u1ea1n c\u00f3 th\u1ec3 t\u00ecm hi\u1ec3u th\u00eam v\u1ec1 \u0111\u1ed9i ng\u0169 nh\u00e0 b\u00e1o, ng\u01b0\u1eddi vi\u1ebft v\u00e0 nh\u00e0 ph\u00e2n t\u00edch t\u00e0i n\u0103ng, t\u1eadn t\u00e2m, nh\u1eefng ng\u01b0\u1eddi mang \u0111\u1ebfn cho b\u1ea1n nh\u1eefng tin t\u1ee9c th\u1ec3 thao m\u1edbi nh\u1ea5t v\u00e0 h\u1ea5p d\u1eabn nh\u1ea5t. C\u00e1c t\u00e1c gi\u1ea3 c\u1ee7a ch\u00fang t\u00f4i cam k\u1ebft cung c\u1ea5p n\u1ed9i dung ch\u00ednh x\u00e1c, s\u00e2u s\u1eafc v\u00e0 ch\u1ea5t l\u01b0\u1ee3ng cao cho \u0111\u1ed9c gi\u1ea3.<\/p>\n\n<h3 class=\"wp-block-heading\">Join Our Community<\/h3>\n\n<p>C\u00e1c t\u00e1c gi\u1ea3 c\u1ee7a ch\u00fang t\u00f4i lu\u00f4n \u0111am m\u00ea th\u1ec3 thao v\u00e0 cam k\u1ebft mang \u0111\u1ebfn nh\u1eefng n\u1ed9i dung ch\u1ea5t l\u01b0\u1ee3ng cao. Ch\u00fang t\u00f4i khuy\u1ebfn kh\u00edch b\u1ea1n t\u01b0\u01a1ng t\u00e1c v\u1edbi h\u1ecd b\u1eb1ng c\u00e1ch \u0111\u1ec3 l\u1ea1i b\u00ecnh lu\u1eadn d\u01b0\u1edbi c\u00e1c b\u00e0i vi\u1ebft, theo d\u00f5i h\u1ecd tr\u00ean m\u1ea1ng x\u00e3 h\u1ed9i v\u00e0 chia s\u1ebb nh\u1eefng suy ngh\u0129 c\u0169ng nh\u01b0 ph\u1ea3n h\u1ed3i c\u1ee7a b\u1ea1n.<\/p>\n\n<h3 class=\"wp-block-heading\">Vi\u1ebft b\u00e0i cho ch\u00fang t\u00f4i<\/h3>\n\n<p>B\u1ea1n c\u00f3 h\u1ee9ng th\u00fa gia nh\u1eadp \u0111\u1ed9i ng\u0169 NoSmokeSport kh\u00f4ng? Ch\u00fang t\u00f4i lu\u00f4n t\u00ecm ki\u1ebfm nh\u1eefng ng\u01b0\u1eddi vi\u1ebft v\u00e0 nh\u00e0 ph\u00e2n t\u00edch t\u00e0i n\u0103ng, nh\u1eefng ng\u01b0\u1eddi c\u00f3 c\u00f9ng ni\u1ec1m \u0111am m\u00ea th\u1ec3 thao v\u1edbi ch\u00fang t\u00f4i. N\u1ebfu b\u1ea1n c\u00f3 n\u1ec1n t\u1ea3ng v\u1eefng ch\u1eafc v\u1ec1 b\u00e1o ch\u00ed th\u1ec3 thao v\u00e0 mong mu\u1ed1n \u0111\u00f3ng g\u00f3p cho n\u1ec1n t\u1ea3ng c\u1ee7a ch\u00fang t\u00f4i, vui l\u00f2ng li\u00ean h\u1ec7 v\u1edbi ch\u00fang t\u00f4i t\u1ea1i <a href=\"contact@nosmokesport.com\" target=\"_blank\" rel=\"noreferrer noopener\">contact@nosmokesport.com<\/a> k\u00e8m theo s\u01a1 y\u1ebfu l\u00fd l\u1ecbch v\u00e0 c\u00e1c b\u00e0i vi\u1ebft m\u1eabu c\u1ee7a b\u1ea1n.<\/p>\n\n<h3 class=\"wp-block-heading has-text-color has-background has-link-color wp-elements-089d956cd448ae0ab14b75eee42df47d\" style=\"color:#000000;background-color:#fefefe\">Li\u00ean h\u1ec7<\/h3>\n\n<p>N\u1ebfu b\u1ea1n c\u00f3 b\u1ea5t k\u1ef3 c\u00e2u h\u1ecfi ho\u1eb7c \u00fd ki\u1ebfn n\u00e0o v\u1ec1 c\u00e1c t\u00e1c gi\u1ea3 c\u1ee7a ch\u00fang t\u00f4i, vui l\u00f2ng li\u00ean h\u1ec7 v\u1edbi ch\u00fang t\u00f4i t\u1ea1i:<\/p>\n\n<p class=\"has-text-color has-background has-link-color wp-elements-0f03b00da2a9fb99b086346087db7e08\" style=\"color:#000000;background-color:#ffffff\"><strong>NoSmokeSport<\/strong> Email: <a href=\"mailto:contact@nosmokesport.com\" target=\"_blank\" rel=\"noreferrer noopener\">contact@nosmokesport.com<\/a> Website: <a href=\"https:\/\/nosmokesport.com\/vi\/\">https:\/\/nosmokesport.com<\/a><\/p>\n","protected":false},"excerpt":{"rendered":"<p>\u0110\u1ed9i ng\u0169 t\u00e1c gi\u1ea3 NoSmokeSport Last Updated: May 17, 2024 Ch\u00e0o m\u1eebng b\u1ea1n \u0111\u1ebfn v\u1edbi trang Th\u00f4ng tin t\u00e1c gi\u1ea3 c\u1ee7a NoSmokeSport! T\u1ea1i \u0111\u00e2y, b\u1ea1n c\u00f3 th\u1ec3 t\u00ecm hi\u1ec3u th\u00eam v\u1ec1 \u0111\u1ed9i ng\u0169 nh\u00e0 b\u00e1o, ng\u01b0\u1eddi vi\u1ebft v\u00e0 nh\u00e0 ph\u00e2n t\u00edch t\u00e0i n\u0103ng, t\u1eadn t\u00e2m, nh\u1eefng ng\u01b0\u1eddi mang \u0111\u1ebfn cho b\u1ea1n nh\u1eefng tin t\u1ee9c th\u1ec3&#8230;<\/p>\n","protected":false},"author":1,"featured_media":0,"parent":0,"menu_order":0,"comment_status":"closed","ping_status":"closed","template":"","meta":{"_kad_blocks_custom_css":"","_kad_blocks_head_custom_js":"","_kad_blocks_body_custom_js":"","_kad_blocks_footer_custom_js":"","_kadence_starter_templates_imported_post":false,"_kad_post_transparent":"","_kad_post_title":"","_kad_post_layout":"","_kad_post_sidebar_id":"","_kad_post_content_style":"","_kad_post_vertical_padding":"","_kad_post_feature":"","_kad_post_feature_position":"","_kad_post_header":false,"_kad_post_footer":false,"_kad_post_classname":"","footnotes":""},"class_list":["post-20471","page","type-page","status-publish","hentry"],"taxonomy_info":[],"featured_image_src_large":false,"author_info":{"display_name":"nosmokesport","author_link":"https:\/\/nosmokesport.com\/vi\/author\/nosmokesport\/"},"comment_info":0,"_links":{"self":[{"href":"https:\/\/nosmokesport.com\/vi\/wp-json\/wp\/v2\/pages\/20471","targetHints":{"allow":["GET"]}}],"collection":[{"href":"https:\/\/nosmokesport.com\/vi\/wp-json\/wp\/v2\/pages"}],"about":[{"href":"https:\/\/nosmokesport.com\/vi\/wp-json\/wp\/v2\/types\/page"}],"author":[{"embeddable":true,"href":"https:\/\/nosmokesport.com\/vi\/wp-json\/wp\/v2\/users\/1"}],"replies":[{"embeddable":true,"href":"https:\/\/nosmokesport.com\/vi\/wp-json\/wp\/v2\/comments?post=20471"}],"version-history":[{"count":1,"href":"https:\/\/nosmokesport.com\/vi\/wp-json\/wp\/v2\/pages\/20471\/revisions"}],"predecessor-version":[{"id":20476,"href":"https:\/\/nosmokesport.com\/vi\/wp-json\/wp\/v2\/pages\/20471\/revisions\/20476"}],"wp:attachment":[{"href":"https:\/\/nosmokesport.com\/vi\/wp-json\/wp\/v2\/media?parent=20471"}],"curies":[{"name":"wp","href":"https:\/\/api.w.org\/{rel}","templated":true}]}}