{"id":20377,"date":"2023-02-05T02:25:51","date_gmt":"2023-02-05T02:25:51","guid":{"rendered":"https:\/\/nosmokesport.com\/gioi-thieu\/"},"modified":"2026-02-19T18:19:59","modified_gmt":"2026-02-19T18:19:59","slug":"about","status":"publish","type":"page","link":"https:\/\/nosmokesport.com\/vi\/about\/","title":{"rendered":"Gi\u1edbi thi\u1ec7u"},"content":{"rendered":"\n<h2 class=\"wp-block-heading\"><strong>Ch\u00e0o m\u1eebng \u0111\u1ebfn v\u1edbi NoSmokeSport<\/strong><\/h2>\n\n\n\n<p>NoSmokeSport l\u00e0 n\u1ec1n t\u1ea3ng tin t\u1ee9c k\u1ef9 thu\u1eadt s\u1ed1 cung c\u1ea5p th\u00f4ng tin nhanh ch\u00f3ng v\u00e0 chuy\u00ean s\u00e2u v\u1ec1 th\u1ec3 thao, game, crypto v\u00e0 c\u00e1c xu h\u01b0\u1edbng to\u00e0n c\u1ea7u.<\/p>\n\n\n\n<p>Ch\u00fang t\u00f4i kh\u00f4ng ch\u1ec9 \u0111\u01b0a tin, m\u00e0 c\u00f2n ph\u00e2n t\u00edch, gi\u1ea3i th\u00edch v\u00e0 gi\u00fap \u0111\u1ed9c gi\u1ea3 hi\u1ec3u r\u00f5 nh\u1eefng thay \u0111\u1ed5i quan tr\u1ecdng trong th\u1ebf gi\u1edbi s\u1ed1 v\u00e0 th\u1ecb tr\u01b0\u1eddng hi\u1ec7n \u0111\u1ea1i.<\/p>\n\n\n\n<hr class=\"wp-block-separator has-alpha-channel-opacity\"\/>\n\n\n\n<h2 class=\"wp-block-heading\">S\u1ee9 m\u1ec7nh c\u1ee7a ch\u00fang t\u00f4i<\/h2>\n\n\n\n<p>M\u1ee5c ti\u00eau c\u1ee7a NoSmokeSport l\u00e0 tr\u1edf th\u00e0nh ngu\u1ed3n tin \u0111\u00e1ng tin c\u1eady h\u00e0ng \u0111\u1ea7u v\u1ec1 th\u1ec3 thao v\u00e0 kinh t\u1ebf s\u1ed1 to\u00e0n c\u1ea7u.<\/p>\n\n\n\n<p>Ch\u00fang t\u00f4i cam k\u1ebft:<\/p>\n\n\n\n<ul class=\"wp-block-list\">\n<li>C\u1eadp nh\u1eadt tin n\u00f3ng theo th\u1eddi gian th\u1ef1c<\/li>\n\n\n\n<li>Ph\u00e2n t\u00edch chuy\u00ean s\u00e2u v\u1ec1 th\u1ecb tr\u01b0\u1eddng v\u00e0 ng\u00e0nh c\u00f4ng nghi\u1ec7p<\/li>\n\n\n\n<li>Cung c\u1ea5p g\u00f3c nh\u00ecn chuy\u00ean gia<\/li>\n\n\n\n<li>X\u00e2y d\u1ef1ng c\u1ed9ng \u0111\u1ed3ng \u0111\u1ed9c gi\u1ea3 \u0111am m\u00ea th\u00f4ng tin ch\u1ea5t l\u01b0\u1ee3ng<\/li>\n<\/ul>\n\n\n\n<hr class=\"wp-block-separator has-alpha-channel-opacity\"\/>\n\n\n\n<h2 class=\"wp-block-heading\">N\u1ed9i dung ch\u00fang t\u00f4i cung c\u1ea5p<\/h2>\n\n\n\n<h3 class=\"wp-block-heading\">Tin th\u1ec3 thao<\/h3>\n\n\n\n<p>K\u1ebft qu\u1ea3 thi \u0111\u1ea5u, ph\u00e2n t\u00edch tr\u1eadn \u0111\u1ea5u, chuy\u1ec3n nh\u01b0\u1ee3ng v\u00e0 c\u00e1c s\u1ef1 ki\u1ec7n th\u1ec3 thao qu\u1ed1c t\u1ebf.<\/p>\n\n\n\n<h3 class=\"wp-block-heading\">Tin game<\/h3>\n\n\n\n<p>Game m\u1edbi ph\u00e1t h\u00e0nh, eSports, xu h\u01b0\u1edbng ng\u00e0nh game v\u00e0 c\u00f4ng ngh\u1ec7 gi\u1ea3i tr\u00ed.<\/p>\n\n\n\n<h3 class=\"wp-block-heading\">Crypto &amp; Blockchain<\/h3>\n\n\n\n<p>Bitcoin, Ethereum, DeFi, th\u1ecb tr\u01b0\u1eddng t\u00e0i ch\u00ednh s\u1ed1 v\u00e0 c\u00f4ng ngh\u1ec7 blockchain.<\/p>\n\n\n\n<h3 class=\"wp-block-heading\">Tin t\u1ee9c to\u00e0n c\u1ea7u<\/h3>\n\n\n\n<p>C\u00f4ng ngh\u1ec7, kinh t\u1ebf s\u1ed1 v\u00e0 c\u00e1c xu h\u01b0\u1edbng qu\u1ed1c t\u1ebf quan tr\u1ecdng.<\/p>\n\n\n\n<h3 class=\"wp-block-heading\">Ph\u1ecfng v\u1ea5n &amp; n\u1ed9i dung tr\u1ef1c ti\u1ebfp<\/h3>\n\n\n\n<p>Ph\u1ecfng v\u1ea5n chuy\u00ean gia, th\u1ea3o lu\u1eadn th\u1ecb tr\u01b0\u1eddng v\u00e0 n\u1ed9i dung ph\u00e2n t\u00edch chuy\u00ean s\u00e2u.<\/p>\n\n\n\n<hr class=\"wp-block-separator has-alpha-channel-opacity\"\/>\n\n\n\n<h2 class=\"wp-block-heading\">Gi\u00e1 tr\u1ecb c\u1ed1t l\u00f5i<\/h2>\n\n\n\n<ul class=\"wp-block-list\">\n<li>Ch\u00ednh x\u00e1c<\/li>\n\n\n\n<li>Kh\u00e1ch quan<\/li>\n\n\n\n<li>Minh b\u1ea1ch<\/li>\n\n\n\n<li>Chuy\u00ean s\u00e2u<\/li>\n\n\n\n<li>\u0110\u00e1ng tin c\u1eady<\/li>\n<\/ul>\n\n\n\n<hr class=\"wp-block-separator has-alpha-channel-opacity\"\/>\n\n\n\n<h2 class=\"wp-block-heading\">Tham gia c\u1ed9ng \u0111\u1ed3ng<\/h2>\n\n\n\n<p>Theo d\u00f5i NoSmokeSport \u0111\u1ec3 c\u1eadp nh\u1eadt tin t\u1ee9c m\u1edbi nh\u1ea5t.<\/p>\n\n\n\n<p>Twitter: @NoSmokeSport<br>Facebook: NoSmokeSport<br>Instagram: @NoSmokeSport <\/p>\n","protected":false},"excerpt":{"rendered":"<p>Ch\u00e0o m\u1eebng \u0111\u1ebfn v\u1edbi NoSmokeSport NoSmokeSport l\u00e0 n\u1ec1n t\u1ea3ng tin t\u1ee9c k\u1ef9 thu\u1eadt s\u1ed1 cung c\u1ea5p th\u00f4ng tin nhanh ch\u00f3ng v\u00e0 chuy\u00ean s\u00e2u v\u1ec1 th\u1ec3 thao, game, crypto v\u00e0 c\u00e1c xu h\u01b0\u1edbng to\u00e0n c\u1ea7u. Ch\u00fang t\u00f4i kh\u00f4ng ch\u1ec9 \u0111\u01b0a tin, m\u00e0 c\u00f2n ph\u00e2n t\u00edch, gi\u1ea3i th\u00edch v\u00e0 gi\u00fap \u0111\u1ed9c gi\u1ea3 hi\u1ec3u r\u00f5 nh\u1eefng thay \u0111\u1ed5i&#8230;<\/p>\n","protected":false},"author":1,"featured_media":0,"parent":0,"menu_order":0,"comment_status":"open","ping_status":"closed","template":"","meta":{"_kad_blocks_custom_css":"","_kad_blocks_head_custom_js":"","_kad_blocks_body_custom_js":"","_kad_blocks_footer_custom_js":"","_kadence_starter_templates_imported_post":false,"_kad_post_transparent":"","_kad_post_title":"","_kad_post_layout":"","_kad_post_sidebar_id":"","_kad_post_content_style":"","_kad_post_vertical_padding":"","_kad_post_feature":"","_kad_post_feature_position":"","_kad_post_header":false,"_kad_post_footer":false,"_kad_post_classname":"","footnotes":""},"class_list":["post-20377","page","type-page","status-publish","hentry"],"taxonomy_info":[],"featured_image_src_large":false,"author_info":{"display_name":"nosmokesport","author_link":"https:\/\/nosmokesport.com\/vi\/author\/nosmokesport\/"},"comment_info":0,"_links":{"self":[{"href":"https:\/\/nosmokesport.com\/vi\/wp-json\/wp\/v2\/pages\/20377","targetHints":{"allow":["GET"]}}],"collection":[{"href":"https:\/\/nosmokesport.com\/vi\/wp-json\/wp\/v2\/pages"}],"about":[{"href":"https:\/\/nosmokesport.com\/vi\/wp-json\/wp\/v2\/types\/page"}],"author":[{"embeddable":true,"href":"https:\/\/nosmokesport.com\/vi\/wp-json\/wp\/v2\/users\/1"}],"replies":[{"embeddable":true,"href":"https:\/\/nosmokesport.com\/vi\/wp-json\/wp\/v2\/comments?post=20377"}],"version-history":[{"count":2,"href":"https:\/\/nosmokesport.com\/vi\/wp-json\/wp\/v2\/pages\/20377\/revisions"}],"predecessor-version":[{"id":20389,"href":"https:\/\/nosmokesport.com\/vi\/wp-json\/wp\/v2\/pages\/20377\/revisions\/20389"}],"wp:attachment":[{"href":"https:\/\/nosmokesport.com\/vi\/wp-json\/wp\/v2\/media?parent=20377"}],"curies":[{"name":"wp","href":"https:\/\/api.w.org\/{rel}","templated":true}]}}